{"id":265,"date":"2022-08-20T12:30:36","date_gmt":"2022-08-20T09:30:36","guid":{"rendered":"https:\/\/skygardensuites.com\/rezervasyon\/"},"modified":"2025-05-05T10:01:37","modified_gmt":"2025-05-05T07:01:37","slug":"reservation","status":"publish","type":"page","link":"https:\/\/skygardensuites.com\/en\/reservation\/","title":{"rendered":"Reservation"},"content":{"rendered":"<div class=\"wpb-content-wrapper\"><section class=\"l-section wpb_row height_auto width_full\"><div class=\"l-section-h i-cf\"><div class=\"g-cols vc_row via_grid cols_1 laptops-cols_inherit tablets-cols_inherit mobiles-cols_1 valign_top type_default stacking_default\"><div class=\"wpb_column vc_column_container\"><div class=\"vc_column-inner\"><section class=\"l-section wpb_row height_large\"><div class=\"l-section-overlay\" style=\"background:rgba(51,51,51,0.53)\"><\/div><div class=\"l-section-h i-cf\"><div class=\"g-cols vc_row via_grid cols_1 laptops-cols_inherit tablets-cols_inherit mobiles-cols_1 valign_top type_default stacking_default\"><div class=\"wpb_column vc_column_container\"><div class=\"vc_column-inner\"><h2 class=\"w-post-elm post_title us_custom_76d0f4cd has_text_color entry-title color_link_inherit\">Reservation<\/h2><\/div><\/div><\/div><\/div><\/section>\n<\/div><\/div><\/div><\/div><\/section><section class=\"l-section wpb_row height_medium\"><div class=\"l-section-h i-cf\"><div class=\"g-cols vc_row via_grid cols_1 laptops-cols_inherit tablets-cols_inherit mobiles-cols_1 valign_top type_default stacking_default\"><div class=\"wpb_column vc_column_container\"><div class=\"vc_column-inner\"><div class=\"w-html\"><script>\nvar grouphotels = false;\nvar widgeturl = \"https:\/\/skygardensuites.rezervasyonal.com\/\";\nvar defaultadultcount = 2; \/\/ Default Yeti\u015fkin Say\u0131s\u0131\nvar maxchild = 3; \/\/ Maximum \u00c7ocuk Say\u0131s\u0131\nvar maxchildage = [0, 12]; \/\/ya\u015f aral\u0131\u011f\u0131. var maxchildage = 8; ya\u015f aral\u0131\u011f\u0131 0 - 8 ya\u015f aras\u0131 olacakt\u0131r. \nvar maxadult = 4; \/\/ Maximum Yeti\u015fkin Say\u0131s\u0131\nvar mainWidget = true;\nvar exitWidget = false;\nvar currency = \"TRY\"; \/\/ Para Birimi \nvar lang = \"tr\"; \/\/ \"tr\" veya \"en\"\n<\/script>\n<script src=\"https:\/\/www.rezervasyonal.com\/widget\/widgetbar\/assets\/widget.js\"><\/script>\n<div id=\"elektraweb-widget-area\"><\/div>\n<\/div><\/div><\/div><\/div><\/div><\/section>\n<\/div>","protected":false},"excerpt":{"rendered":"Reservation","protected":false},"author":1,"featured_media":317,"parent":0,"menu_order":0,"comment_status":"closed","ping_status":"closed","template":"","meta":{"footnotes":""},"class_list":["post-265","page","type-page","status-publish","has-post-thumbnail","hentry"],"_links":{"self":[{"href":"https:\/\/skygardensuites.com\/en\/wp-json\/wp\/v2\/pages\/265","targetHints":{"allow":["GET"]}}],"collection":[{"href":"https:\/\/skygardensuites.com\/en\/wp-json\/wp\/v2\/pages"}],"about":[{"href":"https:\/\/skygardensuites.com\/en\/wp-json\/wp\/v2\/types\/page"}],"author":[{"embeddable":true,"href":"https:\/\/skygardensuites.com\/en\/wp-json\/wp\/v2\/users\/1"}],"replies":[{"embeddable":true,"href":"https:\/\/skygardensuites.com\/en\/wp-json\/wp\/v2\/comments?post=265"}],"version-history":[{"count":2,"href":"https:\/\/skygardensuites.com\/en\/wp-json\/wp\/v2\/pages\/265\/revisions"}],"predecessor-version":[{"id":442,"href":"https:\/\/skygardensuites.com\/en\/wp-json\/wp\/v2\/pages\/265\/revisions\/442"}],"wp:featuredmedia":[{"embeddable":true,"href":"https:\/\/skygardensuites.com\/en\/wp-json\/wp\/v2\/media\/317"}],"wp:attachment":[{"href":"https:\/\/skygardensuites.com\/en\/wp-json\/wp\/v2\/media?parent=265"}],"curies":[{"name":"wp","href":"https:\/\/api.w.org\/{rel}","templated":true}]}}